{"id":17,"date":"2015-02-05T10:21:11","date_gmt":"2015-02-05T10:21:11","guid":{"rendered":"http:\/\/demo.wpcharming.com\/construction\/?page_id=17"},"modified":"2018-09-11T08:33:49","modified_gmt":"2018-09-11T06:33:49","slug":"our-services","status":"publish","type":"page","link":"https:\/\/liderhomed.com\/es\/our-services\/","title":{"rendered":"Nuestros Servicios"},"content":{"rendered":"<p>[vc_row padding_top=&#8221;10&#8243; padding_bottom=&#8221;0&#8243;][vc_column]\n\t<div class=\"child-page-wrapper \">\n\t\t<div class=\"grid-wrapper grid-3-columns grid-row \">\n\t\t\t<div class=\"grid-item grid-sm-6 grid-md-4\">\n\t\t\t\t<div class=\"grid-thumbnail\">\n\t\t\t\t\t<a href=\"https:\/\/liderhomed.com\/es\/our-services\/marketing-and-sales\/\" title=\"MARKETING Y VENTAS\"><img loading=\"lazy\" decoding=\"async\" width=\"600\" height=\"300\" src=\"https:\/\/liderhomed.com\/wp-content\/uploads\/2015\/02\/pexels-photo-288477-600x300.jpeg\" class=\"attachment-medium-thumb size-medium-thumb wp-post-image\" alt=\"\" srcset=\"https:\/\/liderhomed.com\/wp-content\/uploads\/2015\/02\/pexels-photo-288477-600x300.jpeg 600w, https:\/\/liderhomed.com\/wp-content\/uploads\/2015\/02\/pexels-photo-288477-400x200.jpeg 400w, https:\/\/liderhomed.com\/wp-content\/uploads\/2015\/02\/pexels-photo-288477-800x400.jpeg 800w\" sizes=\"auto, (max-width: 600px) 100vw, 600px\" \/><\/a>\n\t\t\t\t<\/div>\n\t\t\t\t<h3 class=\"grid-title\"><a href=\"https:\/\/liderhomed.com\/es\/our-services\/marketing-and-sales\/\" rel=\"bookmark\">MARKETING Y VENTAS<\/a><\/h3>\n\n\t\t\t\t<p>Nuestra experiencia en el mercado inmobiliarionos dan ventaja competitiva en la venta de nuestras villas a precios premium.<\/p>\n\n\t\t\t\t<a class=\"grid-more\" href=\"https:\/\/liderhomed.com\/es\/our-services\/marketing-and-sales\/\" title=\"MARKETING Y VENTAS\">M\u00e1s informaci\u00f3n<\/a>\n\n\t\t\t<\/div>\n\t\t\t\n\t\t\t<div class=\"grid-item grid-sm-6 grid-md-4\">\n\t\t\t\t<h3 class=\"grid-title\"><a href=\"https:\/\/liderhomed.com\/es\/our-services\/interior-design\/\" rel=\"bookmark\">DISE\u00d1O DE INTERIORES<\/a><\/h3>\n\n\t\t\t\t<p>A trav\u00e9s de nuestras tiendas especializadas locales para muebles de dise\u00f1o, telas, cortinas, etc. somos capaces de proporcionar servicios completos de dise\u00f1o de interiores.<\/p>\n\n\t\t\t\t<a class=\"grid-more\" href=\"https:\/\/liderhomed.com\/es\/our-services\/interior-design\/\" title=\"DISE\u00d1O DE INTERIORES\">M\u00e1s informaci\u00f3n<\/a>\n\n\t\t\t<\/div>\n\t\t\t\n\t\t\t<div class=\"grid-item grid-sm-6 grid-md-4\">\n\t\t\t\t<div class=\"grid-thumbnail\">\n\t\t\t\t\t<a href=\"https:\/\/liderhomed.com\/es\/our-services\/architecture-and-design\/\" title=\"ARQUITECTURA Y DISE\u00d1O\"><img loading=\"lazy\" decoding=\"async\" width=\"600\" height=\"300\" src=\"https:\/\/liderhomed.com\/wp-content\/uploads\/2015\/02\/Los_Flamingos_14_Cam1_10-600x300.jpg\" class=\"attachment-medium-thumb size-medium-thumb wp-post-image\" alt=\"\" srcset=\"https:\/\/liderhomed.com\/wp-content\/uploads\/2015\/02\/Los_Flamingos_14_Cam1_10-600x300.jpg 600w, https:\/\/liderhomed.com\/wp-content\/uploads\/2015\/02\/Los_Flamingos_14_Cam1_10-400x200.jpg 400w, https:\/\/liderhomed.com\/wp-content\/uploads\/2015\/02\/Los_Flamingos_14_Cam1_10-800x400.jpg 800w\" sizes=\"auto, (max-width: 600px) 100vw, 600px\" \/><\/a>\n\t\t\t\t<\/div>\n\t\t\t\t<h3 class=\"grid-title\"><a href=\"https:\/\/liderhomed.com\/es\/our-services\/architecture-and-design\/\" rel=\"bookmark\">ARQUITECTURA Y DISE\u00d1O<\/a><\/h3>\n\n\t\t\t\t<p>La gesti\u00f3n de proyectos de LIDER asiste en todo el proceso de adquisici\u00f3n de trama, reuniones de pre-dise\u00f1o, especificaci\u00f3n de proyectos y materiales y, obviamente, la gesti\u00f3n del desarrollo del proyecto.<\/p>\n\n\t\t\t\t<a class=\"grid-more\" href=\"https:\/\/liderhomed.com\/es\/our-services\/architecture-and-design\/\" title=\"ARQUITECTURA Y DISE\u00d1O\">M\u00e1s informaci\u00f3n<\/a>\n\n\t\t\t<\/div>\n\t\t\t\n\t\t\t\t<div class=\"clear\"><\/div>\n\t\t\t<div class=\"grid-item grid-sm-6 grid-md-4\">\n\t\t\t\t<div class=\"grid-thumbnail\">\n\t\t\t\t\t<a href=\"https:\/\/liderhomed.com\/es\/our-services\/project-management\/\" title=\"GESTI\u00d3N DE PROYECTOS\"><img loading=\"lazy\" decoding=\"async\" width=\"600\" height=\"300\" src=\"https:\/\/liderhomed.com\/wp-content\/uploads\/2015\/02\/black-and-white-interior-macbook-drawing-71983-600x300.jpeg\" class=\"attachment-medium-thumb size-medium-thumb wp-post-image\" alt=\"\" srcset=\"https:\/\/liderhomed.com\/wp-content\/uploads\/2015\/02\/black-and-white-interior-macbook-drawing-71983-600x300.jpeg 600w, https:\/\/liderhomed.com\/wp-content\/uploads\/2015\/02\/black-and-white-interior-macbook-drawing-71983-400x200.jpeg 400w, https:\/\/liderhomed.com\/wp-content\/uploads\/2015\/02\/black-and-white-interior-macbook-drawing-71983-800x400.jpeg 800w\" sizes=\"auto, (max-width: 600px) 100vw, 600px\" \/><\/a>\n\t\t\t\t<\/div>\n\t\t\t\t<h3 class=\"grid-title\"><a href=\"https:\/\/liderhomed.com\/es\/our-services\/project-management\/\" rel=\"bookmark\">GESTI\u00d3N DE PROYECTOS<\/a><\/h3>\n\n\t\t\t\t<p>Nuestro servicio de gesti\u00f3n de proyectos es integral, realmente agregamos valor, transparencia, facilidad de comunicaci\u00f3n al proceso de desarrollo.<\/p>\n\n\t\t\t\t<a class=\"grid-more\" href=\"https:\/\/liderhomed.com\/es\/our-services\/project-management\/\" title=\"GESTI\u00d3N DE PROYECTOS\">M\u00e1s informaci\u00f3n<\/a>\n\n\t\t\t<\/div>\n\t\t\t\n\t\t\t<div class=\"grid-item grid-sm-6 grid-md-4\">\n\t\t\t\t<div class=\"grid-thumbnail\">\n\t\t\t\t\t<a href=\"https:\/\/liderhomed.com\/es\/our-services\/%d1%80%d0%b5%d1%84%d0%be%d1%80%d0%bc%d0%b0-%d0%bf%d1%80%d0%be%d0%b5%d0%ba%d1%82%d1%8b\/\" title=\"PROYECTOS DE REFORMA\"><img loading=\"lazy\" decoding=\"async\" width=\"600\" height=\"300\" src=\"https:\/\/liderhomed.com\/wp-content\/uploads\/2015\/02\/Vista-05-600x300.jpg\" class=\"attachment-medium-thumb size-medium-thumb wp-post-image\" alt=\"\" srcset=\"https:\/\/liderhomed.com\/wp-content\/uploads\/2015\/02\/Vista-05-600x300.jpg 600w, https:\/\/liderhomed.com\/wp-content\/uploads\/2015\/02\/Vista-05-400x200.jpg 400w, https:\/\/liderhomed.com\/wp-content\/uploads\/2015\/02\/Vista-05-800x400.jpg 800w\" sizes=\"auto, (max-width: 600px) 100vw, 600px\" \/><\/a>\n\t\t\t\t<\/div>\n\t\t\t\t<h3 class=\"grid-title\"><a href=\"https:\/\/liderhomed.com\/es\/our-services\/%d1%80%d0%b5%d1%84%d0%be%d1%80%d0%bc%d0%b0-%d0%bf%d1%80%d0%be%d0%b5%d0%ba%d1%82%d1%8b\/\" rel=\"bookmark\">PROYECTOS DE REFORMA<\/a><\/h3>\n\n\t\t\t\t<p>A trav\u00e9s de nuestras tiendas especializadas locales para muebles de dise\u00f1o, telas, cortinas, etc. somos capaces de proporcionar servicios completos de dise\u00f1o de interiores.<\/p>\n\n\t\t\t\t<a class=\"grid-more\" href=\"https:\/\/liderhomed.com\/es\/our-services\/%d1%80%d0%b5%d1%84%d0%be%d1%80%d0%bc%d0%b0-%d0%bf%d1%80%d0%be%d0%b5%d0%ba%d1%82%d1%8b\/\" title=\"PROYECTOS DE REFORMA\">M\u00e1s informaci\u00f3n<\/a>\n\n\t\t\t<\/div>\n\t\t\t\n\t\t<\/div>\n\t<\/div>[\/vc_column][\/vc_row]<\/p>","protected":false},"excerpt":{"rendered":"<p>[vc_row padding_top=&#8221;10&#8243; padding_bottom=&#8221;0&#8243;][vc_column][\/vc_column][\/vc_row]<\/p>\n","protected":false},"author":2,"featured_media":1988,"parent":0,"menu_order":0,"comment_status":"closed","ping_status":"open","template":"","meta":{"footnotes":""},"class_list":["post-17","page","type-page","status-publish","has-post-thumbnail","hentry"],"_links":{"self":[{"href":"https:\/\/liderhomed.com\/es\/wp-json\/wp\/v2\/pages\/17","targetHints":{"allow":["GET"]}}],"collection":[{"href":"https:\/\/liderhomed.com\/es\/wp-json\/wp\/v2\/pages"}],"about":[{"href":"https:\/\/liderhomed.com\/es\/wp-json\/wp\/v2\/types\/page"}],"author":[{"embeddable":true,"href":"https:\/\/liderhomed.com\/es\/wp-json\/wp\/v2\/users\/2"}],"replies":[{"embeddable":true,"href":"https:\/\/liderhomed.com\/es\/wp-json\/wp\/v2\/comments?post=17"}],"version-history":[{"count":3,"href":"https:\/\/liderhomed.com\/es\/wp-json\/wp\/v2\/pages\/17\/revisions"}],"predecessor-version":[{"id":1683,"href":"https:\/\/liderhomed.com\/es\/wp-json\/wp\/v2\/pages\/17\/revisions\/1683"}],"wp:featuredmedia":[{"embeddable":true,"href":"https:\/\/liderhomed.com\/es\/wp-json\/wp\/v2\/media\/1988"}],"wp:attachment":[{"href":"https:\/\/liderhomed.com\/es\/wp-json\/wp\/v2\/media?parent=17"}],"curies":[{"name":"wp","href":"https:\/\/api.w.org\/{rel}","templated":true}]}}