{"id":1708,"date":"2017-12-21T09:35:30","date_gmt":"2017-12-21T08:35:30","guid":{"rendered":"http:\/\/liderhomed.com\/?page_id=1708"},"modified":"2017-12-21T09:43:48","modified_gmt":"2017-12-21T08:43:48","slug":"new","status":"publish","type":"page","link":"https:\/\/liderhomed.com\/es\/new\/","title":{"rendered":"P\u00e1gina nueva"},"content":{"rendered":"<p>[vc_row][vc_column width=&#8221;1\/2&#8243;][vc_column_text]<strong>La gesti\u00f3llklklklklkl rrollo del proyecto.<\/strong><\/p>\n<p>En una reuni\u00f3n personal podemos elaborar informaci\u00f3n m\u00e1s detallada de los servicios, con muestras de informes de flujos de efectivo, informe de construcci\u00f3n semanal, etc.[\/vc_column_text][vc_column_text]<\/p>\n<p>eokfoekfoekfoekfoe<\/p>\n<ul>\n<li>ugygtgytAsistir en todos los asuntos legales y t\u00e9cnicos relacionados con la inversi\u00f3n<\/li>\n<li>Informe de arquitectura y construcci\u00f3n Encuesta realizada por el arquitecto t\u00e9cnico (ingeniero) en el caso de una casa existente<\/li>\n<li>Proyecto de Dise\u00f1o y Proyecto de Edificio por Carlos Lamas arquitectos<\/li>\n<li>C\u00e1lculo presupuestario preliminar y planificaci\u00f3n del proyecto<\/li>\n<\/ul>\n<p>[\/vc_column_text][vc_column_text]<\/p>\n<p>(PRE) CONSTRUCION<\/p>\n<ul>\n<li>Obtenci\u00f3n de las licencias y permisos necesarios para construir o renovar una casa<\/li>\n<li>Licitaci\u00f3n entre empresas de construcci\u00f3n calificadas y de buena reputaci\u00f3n y asistencia en el proceso de selecci\u00f3n<\/li>\n<li>Preparaci\u00f3n de la planificaci\u00f3n de obras, programa de flujo de caja del proyecto y contrato de construcci\u00f3n<\/li>\n<li>Supervisi\u00f3n in situ durante el proceso de construcci\u00f3n, incluyendo la validaci\u00f3n de las obras ejecutadas<\/li>\n<li>Obtenci\u00f3n de la primera licencia de ocupaci\u00f3n despu\u00e9s de la finalizaci\u00f3n para conectar a los proveedores de servicios p\u00fablicos<\/li>\n<\/ul>\n<p>[\/vc_column_text][\/vc_column][vc_column width=&#8221;1\/2&#8243;][vc_single_image image=&#8221;1091&#8243; img_size=&#8221;large&#8221;][vc_empty_space height=&#8221;40px&#8221;][vc_single_image image=&#8221;1092&#8243; img_size=&#8221;large&#8221;][\/vc_column][\/vc_row]<\/p>","protected":false},"excerpt":{"rendered":"<p>[vc_row][vc_column width=&#8221;1\/2&#8243;][vc_column_text]La gesti\u00f3llklklklklkl rrollo del proyecto. En una reuni\u00f3n personal podemos elaborar informaci\u00f3n m\u00e1s detallada de los servicios, con muestras de &#8230;<\/p>\n","protected":false},"author":3,"featured_media":0,"parent":0,"menu_order":0,"comment_status":"closed","ping_status":"closed","template":"","meta":{"footnotes":""},"class_list":["post-1708","page","type-page","status-publish","hentry"],"_links":{"self":[{"href":"https:\/\/liderhomed.com\/es\/wp-json\/wp\/v2\/pages\/1708","targetHints":{"allow":["GET"]}}],"collection":[{"href":"https:\/\/liderhomed.com\/es\/wp-json\/wp\/v2\/pages"}],"about":[{"href":"https:\/\/liderhomed.com\/es\/wp-json\/wp\/v2\/types\/page"}],"author":[{"embeddable":true,"href":"https:\/\/liderhomed.com\/es\/wp-json\/wp\/v2\/users\/3"}],"replies":[{"embeddable":true,"href":"https:\/\/liderhomed.com\/es\/wp-json\/wp\/v2\/comments?post=1708"}],"version-history":[{"count":4,"href":"https:\/\/liderhomed.com\/es\/wp-json\/wp\/v2\/pages\/1708\/revisions"}],"predecessor-version":[{"id":1732,"href":"https:\/\/liderhomed.com\/es\/wp-json\/wp\/v2\/pages\/1708\/revisions\/1732"}],"wp:attachment":[{"href":"https:\/\/liderhomed.com\/es\/wp-json\/wp\/v2\/media?parent=1708"}],"curies":[{"name":"wp","href":"https:\/\/api.w.org\/{rel}","templated":true}]}}