{"id":203,"date":"2015-02-07T13:13:13","date_gmt":"2015-02-07T13:13:13","guid":{"rendered":"http:\/\/demo.wpcharming.com\/construction\/?page_id=203"},"modified":"2019-10-24T00:54:19","modified_gmt":"2019-10-23T22:54:19","slug":"architecture-and-design","status":"publish","type":"page","link":"https:\/\/liderhomed.com\/es\/our-services\/architecture-and-design\/","title":{"rendered":"ARQUITECTURA Y DISE\u00d1O"},"content":{"rendered":"<p>[vc_row][vc_column width=&#8221;1\/2&#8243;][vc_column_text] <strong>LIDER HOME gestiona proyectos y ayuda en todo el proceso, desde la compra de parcelas, reuniones previas al proyecto, especificaciones y dise\u00f1o del proyecto hasta la selecci\u00f3n de materiales y, obviamente, el acompa\u00f1amiento del proyecto. En una reuni\u00f3n personal, podemos desarrollar informaci\u00f3n m\u00e1s detallada sobre los servicios, con ejemplos de informes sobre el movimiento de dinero, informes semanales, etc.<\/strong>[\/vc_column_text][vc_column_text]<\/p>\n<p>VIABILIDAD<\/p>\n<ul>\n<li>Encuentre la inversi\u00f3n correcta (ubicaci\u00f3n) para nueva construcci\u00f3n o remodelaci\u00f3n<\/li>\n<li>Asistir en todos los asuntos legales y t\u00e9cnicos relacionados con la inversi\u00f3n<\/li>\n<li>Informe de arquitectura y construcci\u00f3n Encuesta realizada por el arquitecto t\u00e9cnico (ingeniero) en el caso de una casa existente<\/li>\n<li>Proyecto de Dise\u00f1o y Proyecto de Edificio por Carlos Lamas arquitectos<\/li>\n<li>C\u00e1lculo presupuestario preliminar y planificaci\u00f3n del proyecto<\/li>\n<\/ul>\n<p>[\/vc_column_text][vc_column_text]<\/p>\n<p>(PRE) CONSTRUCION<\/p>\n<ul>\n<li>Obtenci\u00f3n de las licencias y permisos necesarios para construir o renovar una casa<\/li>\n<li>Licitaci\u00f3n entre empresas de construcci\u00f3n calificadas y de buena reputaci\u00f3n y asistencia en el proceso de selecci\u00f3n<\/li>\n<li>Preparaci\u00f3n de la planificaci\u00f3n de obras, programa de flujo de caja del proyecto y contrato de construcci\u00f3n<\/li>\n<li>Supervisi\u00f3n in situ durante el proceso de construcci\u00f3n, incluyendo la validaci\u00f3n de las obras ejecutadas<\/li>\n<li>Obtenci\u00f3n de la primera licencia de ocupaci\u00f3n despu\u00e9s de la finalizaci\u00f3n para conectar a los proveedores de servicios p\u00fablicos<\/li>\n<\/ul>\n<p>[\/vc_column_text][\/vc_column][vc_column width=&#8221;1\/2&#8243;][vc_single_image image=&#8221;1091&#8243; img_size=&#8221;large&#8221;][vc_empty_space height=&#8221;40px&#8221;][vc_single_image image=&#8221;1092&#8243; img_size=&#8221;large&#8221;][\/vc_column][\/vc_row]<\/p>","protected":false},"excerpt":{"rendered":"<p>La gesti\u00f3n de proyectos de LIDER asiste en todo el proceso de adquisici\u00f3n de trama, reuniones de pre-dise\u00f1o, especificaci\u00f3n de proyectos y materiales y, obviamente, la gesti\u00f3n del desarrollo del proyecto.<\/p>\n","protected":false},"author":2,"featured_media":1286,"parent":17,"menu_order":0,"comment_status":"closed","ping_status":"open","template":"","meta":{"footnotes":""},"class_list":["post-203","page","type-page","status-publish","has-post-thumbnail","hentry"],"_links":{"self":[{"href":"https:\/\/liderhomed.com\/es\/wp-json\/wp\/v2\/pages\/203","targetHints":{"allow":["GET"]}}],"collection":[{"href":"https:\/\/liderhomed.com\/es\/wp-json\/wp\/v2\/pages"}],"about":[{"href":"https:\/\/liderhomed.com\/es\/wp-json\/wp\/v2\/types\/page"}],"author":[{"embeddable":true,"href":"https:\/\/liderhomed.com\/es\/wp-json\/wp\/v2\/users\/2"}],"replies":[{"embeddable":true,"href":"https:\/\/liderhomed.com\/es\/wp-json\/wp\/v2\/comments?post=203"}],"version-history":[{"count":28,"href":"https:\/\/liderhomed.com\/es\/wp-json\/wp\/v2\/pages\/203\/revisions"}],"predecessor-version":[{"id":1881,"href":"https:\/\/liderhomed.com\/es\/wp-json\/wp\/v2\/pages\/203\/revisions\/1881"}],"up":[{"embeddable":true,"href":"https:\/\/liderhomed.com\/es\/wp-json\/wp\/v2\/pages\/17"}],"wp:featuredmedia":[{"embeddable":true,"href":"https:\/\/liderhomed.com\/es\/wp-json\/wp\/v2\/media\/1286"}],"wp:attachment":[{"href":"https:\/\/liderhomed.com\/es\/wp-json\/wp\/v2\/media?parent=203"}],"curies":[{"name":"wp","href":"https:\/\/api.w.org\/{rel}","templated":true}]}}