{"id":205,"date":"2015-02-07T13:15:02","date_gmt":"2015-02-07T13:15:02","guid":{"rendered":"http:\/\/demo.wpcharming.com\/construction\/?page_id=205"},"modified":"2017-03-11T21:36:26","modified_gmt":"2017-03-11T20:36:26","slug":"project-management","status":"publish","type":"page","link":"https:\/\/liderhomed.com\/es\/our-services\/project-management\/","title":{"rendered":"GESTI\u00d3N DE PROYECTOS"},"content":{"rendered":"<p>[vc_row][vc_column width=&#8221;2\/3&#8243;][vc_column_text]<\/p>\n<h3><strong>Nuestro servicio de gesti\u00f3n de proyectos es integral, realmente agregamos valor, transparencia, facilidad de comunicaci\u00f3n al proceso de desarrollo.<\/strong><\/h3>\n<p>Nuestro equipo de arquitectos t\u00e9cnicos ayudan en la correcta definici\u00f3n y estimaci\u00f3n de cantidades para evitar errores tempranos en las cotizaciones, hacemos un an\u00e1lisis comparativo de las diferentes cotizaciones de los constructores seleccionados (todos cumplen con nuestro conjunto de condiciones estrictas) y ayudan con la compra de materiales e instalaciones Por los proveedores a costos descontados.<\/p>\n<p>Nuestros informes semanales extensos incluyen fotos del progreso en el sitio y una revisi\u00f3n de todos los puntos discutidos en las reuniones del sitio entre el constructor, el arquitecto y el arquitecto t\u00e9cnico.[\/vc_column_text][vc_single_image image=&#8221;1104&#8243; img_size=&#8221;large&#8221;][\/vc_column][vc_column width=&#8221;1\/3&#8243;][vc_column_text]<\/p>\n<p>Coordinamos todas las fases de un proyecto de construcci\u00f3n de villa mediante la comprensi\u00f3n de las necesidades de los clientes, estableciendo los objetivos del proyecto y controlando la entrega del proyecto en t\u00e9rminos de calidad, presupuesto y calendario.<\/p>\n<p>Una vez que el dise\u00f1o y las especificaciones sean acordados entre el cliente y el arquitecto, los revisaremos para consideraci\u00f3n presupuestaria, y luego pondremos el proyecto a licitaci\u00f3n a los principales contratistas de construcci\u00f3n. Todas las propuestas de los contratistas son consideradas y comparadas antes de ser presentadas al cliente con recomendaciones y asesoramiento contractual sobre t\u00e9rminos y condiciones, retenciones, penalidades de finalizaci\u00f3n, etc.<\/p>\n<p>S\u00f3lo los constructores seleccionados con una reputaci\u00f3n fuerte y el historial, la experiencia con nuestro estilo contempor\u00e1neo y los est\u00e1ndares de construcci\u00f3n y cumplir con los requisitos financieros en t\u00e9rminos de solabilidad.<\/p>\n<p>Obviamente, tambi\u00e9n ayudaremos al cliente en la selecci\u00f3n de materiales de acabado, cocinas, ba\u00f1os, dom\u00f3tica, cine en casa, baldosas, carpinter\u00eda, etc Tenemos una extensa red de proveedores, subcontratistas y profesionales, nivel internacional.<\/p>\n<p>[\/vc_column_text][\/vc_column][\/vc_row]<\/p>","protected":false},"excerpt":{"rendered":"<p>Nuestro servicio de gesti\u00f3n de proyectos es integral, realmente agregamos valor, transparencia, facilidad de comunicaci\u00f3n al proceso de desarrollo.<\/p>\n","protected":false},"author":2,"featured_media":1088,"parent":17,"menu_order":0,"comment_status":"closed","ping_status":"open","template":"","meta":{"footnotes":""},"class_list":["post-205","page","type-page","status-publish","has-post-thumbnail","hentry"],"_links":{"self":[{"href":"https:\/\/liderhomed.com\/es\/wp-json\/wp\/v2\/pages\/205","targetHints":{"allow":["GET"]}}],"collection":[{"href":"https:\/\/liderhomed.com\/es\/wp-json\/wp\/v2\/pages"}],"about":[{"href":"https:\/\/liderhomed.com\/es\/wp-json\/wp\/v2\/types\/page"}],"author":[{"embeddable":true,"href":"https:\/\/liderhomed.com\/es\/wp-json\/wp\/v2\/users\/2"}],"replies":[{"embeddable":true,"href":"https:\/\/liderhomed.com\/es\/wp-json\/wp\/v2\/comments?post=205"}],"version-history":[{"count":10,"href":"https:\/\/liderhomed.com\/es\/wp-json\/wp\/v2\/pages\/205\/revisions"}],"predecessor-version":[{"id":1159,"href":"https:\/\/liderhomed.com\/es\/wp-json\/wp\/v2\/pages\/205\/revisions\/1159"}],"up":[{"embeddable":true,"href":"https:\/\/liderhomed.com\/es\/wp-json\/wp\/v2\/pages\/17"}],"wp:featuredmedia":[{"embeddable":true,"href":"https:\/\/liderhomed.com\/es\/wp-json\/wp\/v2\/media\/1088"}],"wp:attachment":[{"href":"https:\/\/liderhomed.com\/es\/wp-json\/wp\/v2\/media?parent=205"}],"curies":[{"name":"wp","href":"https:\/\/api.w.org\/{rel}","templated":true}]}}