{"id":207,"date":"2015-02-04T13:26:14","date_gmt":"2015-02-04T13:26:14","guid":{"rendered":"http:\/\/demo.wpcharming.com\/construction\/?page_id=207"},"modified":"2019-03-17T14:30:25","modified_gmt":"2019-03-17T13:30:25","slug":"%d1%80%d0%b5%d1%84%d0%be%d1%80%d0%bc%d0%b0-%d0%bf%d1%80%d0%be%d0%b5%d0%ba%d1%82%d1%8b","status":"publish","type":"page","link":"https:\/\/liderhomed.com\/es\/our-services\/%d1%80%d0%b5%d1%84%d0%be%d1%80%d0%bc%d0%b0-%d0%bf%d1%80%d0%be%d0%b5%d0%ba%d1%82%d1%8b\/","title":{"rendered":"PROYECTOS DE REFORMA"},"content":{"rendered":"<p>[vc_row][vc_column][vc_column_text]<\/p>\n<h3>A trav\u00e9s de nuestras tiendas especializadas locales para muebles de dise\u00f1o, telas, cortinas, etc. somos capaces de proporcionar servicios completos de dise\u00f1o de interiores.<\/h3>\n<p>[\/vc_column_text][\/vc_column][\/vc_row][vc_row][vc_column width=&#8221;1\/2&#8243;][vc_single_image image=&#8221;1115&#8243; img_size=&#8221;large&#8221;][\/vc_column][vc_column width=&#8221;1\/2&#8243;][vc_column_text]Nos hemos asociado a dise\u00f1adores de interiores locales e internacionales para un asesoramiento personalizado a medida, siendo un showflat para uso comercial, o un personalizado a su gusto personal, y preferencias.<\/p>\n<p>Nuestro acceso a una amplia variedad de proveedores tanto en Espa\u00f1a como en el extranjero garantizar\u00e1 una experiencia interior \u00fanica y exclusiva.<\/p>\n<p>[\/vc_column_text][\/vc_column][\/vc_row]<\/p>","protected":false},"excerpt":{"rendered":"<p>A trav\u00e9s de nuestras tiendas especializadas locales para muebles de dise\u00f1o, telas, cortinas, etc. somos capaces de proporcionar servicios completos de dise\u00f1o de interiores.<\/p>\n","protected":false},"author":2,"featured_media":1115,"parent":17,"menu_order":0,"comment_status":"closed","ping_status":"open","template":"","meta":{"footnotes":""},"class_list":["post-207","page","type-page","status-publish","has-post-thumbnail","hentry"],"_links":{"self":[{"href":"https:\/\/liderhomed.com\/es\/wp-json\/wp\/v2\/pages\/207","targetHints":{"allow":["GET"]}}],"collection":[{"href":"https:\/\/liderhomed.com\/es\/wp-json\/wp\/v2\/pages"}],"about":[{"href":"https:\/\/liderhomed.com\/es\/wp-json\/wp\/v2\/types\/page"}],"author":[{"embeddable":true,"href":"https:\/\/liderhomed.com\/es\/wp-json\/wp\/v2\/users\/2"}],"replies":[{"embeddable":true,"href":"https:\/\/liderhomed.com\/es\/wp-json\/wp\/v2\/comments?post=207"}],"version-history":[{"count":21,"href":"https:\/\/liderhomed.com\/es\/wp-json\/wp\/v2\/pages\/207\/revisions"}],"predecessor-version":[{"id":2651,"href":"https:\/\/liderhomed.com\/es\/wp-json\/wp\/v2\/pages\/207\/revisions\/2651"}],"up":[{"embeddable":true,"href":"https:\/\/liderhomed.com\/es\/wp-json\/wp\/v2\/pages\/17"}],"wp:featuredmedia":[{"embeddable":true,"href":"https:\/\/liderhomed.com\/es\/wp-json\/wp\/v2\/media\/1115"}],"wp:attachment":[{"href":"https:\/\/liderhomed.com\/es\/wp-json\/wp\/v2\/media?parent=207"}],"curies":[{"name":"wp","href":"https:\/\/api.w.org\/{rel}","templated":true}]}}