{"id":21,"date":"2015-02-05T10:21:41","date_gmt":"2015-02-05T09:21:41","guid":{"rendered":"http:\/\/demo.wpcharming.com\/construction\/?page_id=21"},"modified":"2018-09-11T08:26:24","modified_gmt":"2018-09-11T06:26:24","slug":"about-us","status":"publish","type":"page","link":"https:\/\/liderhomed.com\/es\/about-us\/","title":{"rendered":"Qui\u00e9nes Somos"},"content":{"rendered":"<p>[vc_row padding_top=&#8221;10&#8243; padding_bottom=&#8221;10&#8243;][vc_column]\n\t<div class=\"custom-heading wpb_content_element  heading-medium\">\n\t\t<h2 class=\"heading-title\" >LIDER HOME DEVELOPMENT<\/h2>\n\t\t<span class=\"heading-line primary\"><\/span>\n\t<\/div>[vc_column_text]Queremos transmitir la calidad de vida de la Costa del Sol a trav\u00e9s de los proyectos arquitect\u00f3nicos que compartimos con nuestros clientes.<\/p>\n<p>Construimos su casa, analizando sus deseos, su estilo de vida, sus necesidades &#8230; Trabajando juntos, para hacer realidad la casa de sus sue\u00f1os. Ofrecemos un servicio peronalizado que tambi\u00e9n se facilita al hablar su propio idioma.<\/p>\n<p>Es plasure para nosotros para elegir entre varios estilos arquitect\u00f3nicos para satisfacer su gusto: contempor\u00e1neo, cl\u00e1sico, moderno, r\u00fastico, andaluz, Hi Tech &#8230;<\/p>\n<p>Ofrecemos un servicio completo: Construcci\u00f3n, reformas, urbanizaci\u00f3n, gesti\u00f3n de proyectos, decoraci\u00f3n, paisajismo &#8230; con el objetivo de darle una sensaci\u00f3n de estr\u00e9s.<\/p>\n<p>Venga a visitar nuestras construcciones para experimentar la conbinaci\u00f3n de aut\u00e9ntica arquitectura y materiales nobles, el confort de las nuevas tecnolog\u00edas, con dise\u00f1os inteligentes y espacios acogedores.<\/p>\n<p>Ofrecemos una gama de servicios: proyectos de arquitectura y urbanismo, gesti\u00f3n de proyectos, gesti\u00f3n de licencias, paisajismo, mantenimiento, etc. Y la mejor selecci\u00f3n de villas y parcelas en venta en la Costa del Sol.[\/vc_column_text][\/vc_column][\/vc_row]<\/p>","protected":false},"excerpt":{"rendered":"<p>[vc_row padding_top=&#8221;10&#8243; padding_bottom=&#8221;10&#8243;][vc_column][vc_column_text]Queremos transmitir la calidad de vida de la Costa del Sol a trav\u00e9s de los proyectos arquitect\u00f3nicos que compartimos &#8230;<\/p>\n","protected":false},"author":2,"featured_media":0,"parent":0,"menu_order":0,"comment_status":"closed","ping_status":"closed","template":"","meta":{"footnotes":""},"class_list":["post-21","page","type-page","status-publish","hentry"],"_links":{"self":[{"href":"https:\/\/liderhomed.com\/es\/wp-json\/wp\/v2\/pages\/21","targetHints":{"allow":["GET"]}}],"collection":[{"href":"https:\/\/liderhomed.com\/es\/wp-json\/wp\/v2\/pages"}],"about":[{"href":"https:\/\/liderhomed.com\/es\/wp-json\/wp\/v2\/types\/page"}],"author":[{"embeddable":true,"href":"https:\/\/liderhomed.com\/es\/wp-json\/wp\/v2\/users\/2"}],"replies":[{"embeddable":true,"href":"https:\/\/liderhomed.com\/es\/wp-json\/wp\/v2\/comments?post=21"}],"version-history":[{"count":12,"href":"https:\/\/liderhomed.com\/es\/wp-json\/wp\/v2\/pages\/21\/revisions"}],"predecessor-version":[{"id":1682,"href":"https:\/\/liderhomed.com\/es\/wp-json\/wp\/v2\/pages\/21\/revisions\/1682"}],"wp:attachment":[{"href":"https:\/\/liderhomed.com\/es\/wp-json\/wp\/v2\/media?parent=21"}],"curies":[{"name":"wp","href":"https:\/\/api.w.org\/{rel}","templated":true}]}}