{"id":35,"date":"2015-08-05T10:35:36","date_gmt":"2015-08-05T08:35:36","guid":{"rendered":"http:\/\/demo.wpcharming.com\/construction\/?page_id=35"},"modified":"2019-04-04T10:01:01","modified_gmt":"2019-04-04T08:01:01","slug":"marketing-and-sales","status":"publish","type":"page","link":"https:\/\/liderhomed.com\/es\/our-services\/marketing-and-sales\/","title":{"rendered":"MARKETING Y VENTAS"},"content":{"rendered":"<p>[vc_row][vc_column][vc_column_text]<\/p>\n<h3>Nuestra experiencia en el mercado inmobiliario y la fuerte red local e internacional de profesionales y agencias seleccionadas nos dan ventaja competitiva en la venta de nuestras villas a precios premium.<\/h3>\n<p>[\/vc_column_text][\/vc_column][\/vc_row][vc_row][vc_column width=&#8221;1\/2&#8243;][vc_column_text]\u00bfEst\u00e1 interesado en un proyecto de inversi\u00f3n con un ROI atractivo?<\/p>\n<p>Tenemos una experiencia considerable y un gran historial con muchos proyectos de inversi\u00f3n, ya sea una sola villa o desarrollos m\u00e1s grandes. La selecci\u00f3n de la elecci\u00f3n correcta de la tierra (a menudo una casa existente para su ubicaci\u00f3n privilegiada) es clave para el potencial de valor, a menudo un factor de tiempo, pero cr\u00edtico. Adem\u00e1s, una villa dise\u00f1ada excepcional, comercialmente atractivo con materiales de calidad neutral y acabados es esencial para dirigirse a un mercado potencialmente m\u00e1s grande, internacional. Nuestras villas cumplen con todos los est\u00e1ndares requeridos de los compradores exigentes de hoy en d\u00eda, en t\u00e9rminos de arquitectura, comodidad, dise\u00f1o y ubicaci\u00f3n. Como nuevas villas bien dise\u00f1adas no se encuentran a menudo, nuestras villas se venden a precios premium con buenas rentabilidades anuales sobre el capital invertido.[\/vc_column_text][\/vc_column][vc_column width=&#8221;1\/2&#8243;][vc_single_image image=&#8221;1079&#8243; img_size=&#8221;large&#8221;][\/vc_column][\/vc_row]<\/p>","protected":false},"excerpt":{"rendered":"<p>Nuestra experiencia en el mercado inmobiliarionos dan ventaja competitiva en la venta de nuestras villas a precios premium.<\/p>\n","protected":false},"author":2,"featured_media":1111,"parent":17,"menu_order":0,"comment_status":"closed","ping_status":"closed","template":"","meta":{"footnotes":""},"class_list":["post-35","page","type-page","status-publish","has-post-thumbnail","hentry"],"_links":{"self":[{"href":"https:\/\/liderhomed.com\/es\/wp-json\/wp\/v2\/pages\/35","targetHints":{"allow":["GET"]}}],"collection":[{"href":"https:\/\/liderhomed.com\/es\/wp-json\/wp\/v2\/pages"}],"about":[{"href":"https:\/\/liderhomed.com\/es\/wp-json\/wp\/v2\/types\/page"}],"author":[{"embeddable":true,"href":"https:\/\/liderhomed.com\/es\/wp-json\/wp\/v2\/users\/2"}],"replies":[{"embeddable":true,"href":"https:\/\/liderhomed.com\/es\/wp-json\/wp\/v2\/comments?post=35"}],"version-history":[{"count":8,"href":"https:\/\/liderhomed.com\/es\/wp-json\/wp\/v2\/pages\/35\/revisions"}],"predecessor-version":[{"id":1435,"href":"https:\/\/liderhomed.com\/es\/wp-json\/wp\/v2\/pages\/35\/revisions\/1435"}],"up":[{"embeddable":true,"href":"https:\/\/liderhomed.com\/es\/wp-json\/wp\/v2\/pages\/17"}],"wp:featuredmedia":[{"embeddable":true,"href":"https:\/\/liderhomed.com\/es\/wp-json\/wp\/v2\/media\/1111"}],"wp:attachment":[{"href":"https:\/\/liderhomed.com\/es\/wp-json\/wp\/v2\/media?parent=35"}],"curies":[{"name":"wp","href":"https:\/\/api.w.org\/{rel}","templated":true}]}}