{"id":37,"date":"2015-02-05T10:36:18","date_gmt":"2015-02-05T10:36:18","guid":{"rendered":"http:\/\/demo.wpcharming.com\/construction\/?page_id=37"},"modified":"2019-03-17T14:50:13","modified_gmt":"2019-03-17T13:50:13","slug":"interior-design","status":"publish","type":"page","link":"https:\/\/liderhomed.com\/es\/our-services\/interior-design\/","title":{"rendered":"DISE\u00d1O DE INTERIORES"},"content":{"rendered":"<p>[vc_row][vc_column][vc_column_text]<\/p>\n<p><img loading=\"lazy\" decoding=\"async\" class=\"alignnone wp-image-1301 size-large\" src=\"http:\/\/liderhomed.com\/wp-content\/uploads\/2015\/02\/Vista-05-1-1024x576.jpg\" alt=\"\" width=\"800\" height=\"450\" srcset=\"https:\/\/liderhomed.com\/wp-content\/uploads\/2015\/02\/Vista-05-1-1024x576.jpg 1024w, https:\/\/liderhomed.com\/wp-content\/uploads\/2015\/02\/Vista-05-1-300x169.jpg 300w, https:\/\/liderhomed.com\/wp-content\/uploads\/2015\/02\/Vista-05-1-768x432.jpg 768w, https:\/\/liderhomed.com\/wp-content\/uploads\/2015\/02\/Vista-05-1.jpg 1920w\" sizes=\"auto, (max-width: 800px) 100vw, 800px\" \/><\/p>\n<h3>A trav\u00e9s de nuestras tiendas especializadas locales para muebles de dise\u00f1o, telas, cortinas, etc. somos capaces de proporcionar servicios completos de dise\u00f1o de interiores.<\/h3>\n<p>[\/vc_column_text][\/vc_column][\/vc_row][vc_row][vc_column width=&#8221;1\/2&#8243;][vc_column_text]Nos hemos asociado a dise\u00f1adores de interiores locales e internacionales para un asesoramiento personalizado a medida, siendo un showflat para uso comercial, o un personalizado a su gusto personal, y preferencias.<\/p>\n<p>Nuestro acceso a una amplia variedad de proveedores tanto en Espa\u00f1a como en el extranjero garantizar\u00e1 una experiencia interior \u00fanica y exclusiva.[\/vc_column_text][\/vc_column][vc_column width=&#8221;1\/2&#8243;][vc_single_image image=&#8221;1117&#8243; img_size=&#8221;large&#8221;][\/vc_column][\/vc_row]<\/p>","protected":false},"excerpt":{"rendered":"<p>A trav\u00e9s de nuestras tiendas especializadas locales para muebles de dise\u00f1o, telas, cortinas, etc. somos capaces de proporcionar servicios completos de dise\u00f1o de interiores.<\/p>\n","protected":false},"author":2,"featured_media":0,"parent":17,"menu_order":0,"comment_status":"closed","ping_status":"open","template":"","meta":{"footnotes":""},"class_list":["post-37","page","type-page","status-publish","hentry"],"_links":{"self":[{"href":"https:\/\/liderhomed.com\/es\/wp-json\/wp\/v2\/pages\/37","targetHints":{"allow":["GET"]}}],"collection":[{"href":"https:\/\/liderhomed.com\/es\/wp-json\/wp\/v2\/pages"}],"about":[{"href":"https:\/\/liderhomed.com\/es\/wp-json\/wp\/v2\/types\/page"}],"author":[{"embeddable":true,"href":"https:\/\/liderhomed.com\/es\/wp-json\/wp\/v2\/users\/2"}],"replies":[{"embeddable":true,"href":"https:\/\/liderhomed.com\/es\/wp-json\/wp\/v2\/comments?post=37"}],"version-history":[{"count":19,"href":"https:\/\/liderhomed.com\/es\/wp-json\/wp\/v2\/pages\/37\/revisions"}],"predecessor-version":[{"id":2655,"href":"https:\/\/liderhomed.com\/es\/wp-json\/wp\/v2\/pages\/37\/revisions\/2655"}],"up":[{"embeddable":true,"href":"https:\/\/liderhomed.com\/es\/wp-json\/wp\/v2\/pages\/17"}],"wp:attachment":[{"href":"https:\/\/liderhomed.com\/es\/wp-json\/wp\/v2\/media?parent=37"}],"curies":[{"name":"wp","href":"https:\/\/api.w.org\/{rel}","templated":true}]}}